{"id":6266,"date":"2025-02-10T12:39:53","date_gmt":"2025-02-10T11:39:53","guid":{"rendered":"https:\/\/roots2routes.eu\/?page_id=6266"},"modified":"2025-02-10T12:50:13","modified_gmt":"2025-02-10T11:50:13","slug":"politica-de-privacidad","status":"publish","type":"page","link":"https:\/\/roots2routes.eu\/en\/politica-de-privacidad\/","title":{"rendered":"Privacy Policy"},"content":{"rendered":"<p>RURAL BRIDGE SL informs you about its Privacy Policy regarding the processing and protection of personal data that may be collected through this form.<\/p>\n\n\n\n<p>In this regard, the Data Controller guarantees compliance with current regulations on personal data protection, as reflected in Organic Law 3\/2018, of 5 December, on Personal Data Protection and the Guarantee of Digital Rights (LOPD GDD). It also complies with Regulation (EU) 2016\/679 of the European Parliament and of the Council of 27 April 2016 on the protection of natural persons (GDPR).<\/p>\n\n\n\n<h1 class=\"wp-block-heading\">Controller Identity<\/h1>\n\n\n\n<p>RURAL BRIDGE SL. NIF\/CIF: B01617521<\/p>\n\n\n\n<p>Manager: Miguel Garc\u00eda Mata. National Identity Number: 44599917L<\/p>\n\n\n\n<p>Address: C\/ Teresa de Calcuta, 22, Ground floor, North-west, 14011 C\u00f3rdoba<\/p>\n\n\n\n<p>Email: info@ruralbridge.es<\/p>\n\n\n\n<h1 class=\"wp-block-heading\">Retrieval of Personal Data<\/h1>\n\n\n\n<p>You provide us with your personal data when you complete the relevant form that we give you.<\/p>\n\n\n\n<h1 class=\"wp-block-heading\">Legitimation for data processing<\/h1>\n\n\n\n<p>The legal basis for processing your data is the explicit, free, and unambiguous consent you provide to us.<\/p>\n\n\n\n<h1 class=\"wp-block-heading\">Purpose of personal data processing<\/h1>\n\n\n\n<p>When you complete our form, you are providing personal information that will be processed by the Data Controller. This information may include personal data such as your name and surname, email address, telephone number, as well as data relating to your personal employment situation necessary to manage both the participation of students in the relevant training course and the Erasmus+ Project itself.<\/p>\n\n\n\n<p>By providing this information and giving your consent, you allow it to be collected, used, managed, and stored by RURAL BRIDGE SL, as described in this Privacy Policy.<\/p>\n\n\n\n<h1 class=\"wp-block-heading\">Acceptance and consent<\/h1>\n\n\n\n<p>As a User, you declare that you have been informed of the conditions regarding the protection of personal data, and you accept and consent to the processing of such data by the Owner in the manner and for the purposes indicated in this Privacy Policy.<\/p>\n\n\n\n<h1 class=\"wp-block-heading\">Accuracy and veracity of personal data<\/h1>\n\n\n\n<p>You undertake to ensure that the data provided to the Holder is correct, complete, accurate and up-to-date, as well as to keep it duly updated.<\/p>\n\n\n\n<p>As the User, you are solely responsible for the truthfulness and accuracy of the data you submit to us in the form, exempting the Owner from any liability in this regard.<\/p>\n\n\n\n<h1 class=\"wp-block-heading\">Principles applied in data treatment<\/h1>\n\n\n\n<p>In the processing of your personal data, the Data Subject will apply the following principles which comply with the requirements of the European data protection regulation:<\/p>\n\n\n\n<p><strong>Principle<\/strong><strong>from<\/strong><strong>request,<\/strong><strong>Loyalty<\/strong><strong>y<\/strong><strong>Transparency<\/strong>The Data Controller will always require consent for the processing of your personal data, which may be for one or more specific purposes about which they will inform you beforehand with absolute transparency.<\/p>\n\n\n\n<p><strong>Data minimisation principle <\/strong>The Holder will only request the strictly necessary data for the purpose(s) for which they are requesting it.<\/p>\n\n\n\n<p><strong>Principle<\/strong><strong>time limit<\/strong><strong>conservation<\/strong>The data will be kept for the period strictly necessary for the purpose or purposes of processing. The Holder will inform you of the corresponding retention period according to the purpose. In the case of subscriptions, the Holder will periodically review the lists and delete those records that have been inactive for a considerable time.<\/p>\n\n\n\n<p><strong>Principle<\/strong><strong>integrity<\/strong><strong>y<\/strong><strong>Confidentiality <\/strong>Your data will be processed in such a way that its security, confidentiality and integrity are guaranteed. You should know that the Owner takes the necessary precautions to prevent unauthorised access or misuse of its users' data by third parties.<\/p>\n\n\n\n<h1 class=\"wp-block-heading\">Your rights<\/h1>\n\n\n\n<p>The Data Controller informs you that regarding your personal data, you have the right to:<\/p>\n\n\n\n<ul class=\"wp-block-list\">\n<li>Request access to stored data.<\/li>\n\n\n\n<li>Request a correction.<\/li>\n\n\n\n<li>Request the deletion of data.<\/li>\n\n\n\n<li>Request to limit your treatment.<\/li>\n\n\n\n<li>Refuse treatment.<\/li>\n\n\n\n<li>Request the portability of your data.<\/li>\n<\/ul>\n\n\n\n<p>The exercise of these rights is personal and therefore must be exercised directly by the person concerned, by requesting it directly from the Controller. This means that any User who has provided their data at any time can contact the Controller and ask for information about the data they hold, how it was obtained, request its rectification, request the portability of their personal data, object to its processing, limit its use, or request the deletion of that data from the Controller's files.<\/p>\n\n\n\n<p>To exercise your rights, you must send an email to info@ruralbridge.es along with legally valid proof such as a photocopy of your D.N.I. (national identity document) or equivalent.<\/p>\n\n\n\n<p>You have the right to effective judicial protection and to lodge a complaint with the supervisory authority, in this case, the Spanish Data Protection Agency, if you consider that the processing of personal data concerning you infringes the Regulation.<\/p>\n\n\n\n<h1 class=\"wp-block-heading\">Personal data retention<\/h1>\n\n\n\n<p>The personal data you provide to the Data Controller will be retained for as long as the requested service is managed or until you request its deletion.<\/p>\n\n\n\n<h1 class=\"wp-block-heading\">Recipients of personal data<\/h1>\n\n\n\n<p>Some of the personal data you provide to us may be shared with the SEPIE (Spanish Service for the Internationalisation of Education) once the Erasmus+ project has concluded.<\/p>\n\n\n\n<h1 class=\"wp-block-heading\">Personal data security<\/h1>\n\n\n\n<p>To protect your personal data, the Controller takes all reasonable precautions and follows industry best practices to prevent its loss, misuse, unauthorised access, disclosure, alteration, or destruction.<\/p>\n\n\n\n<h1 class=\"wp-block-heading\">Revocability<\/h1>\n\n\n\n<p>To exercise your rights of access, rectification, cancellation, portability and objection, you must send an email to info@ruralbridge.es along with valid legal proof such as a photocopy of your D.N.I. or equivalent.<\/p>\n\n\n\n<p>The exercise of your rights does not include any data that the Data Subject is obliged to retain for administrative, legal, or security purposes.<\/p>","protected":false},"excerpt":{"rendered":"<p>RURAL BRIDGE SL te informa sobre su Pol\u00edtica de Privacidad respecto del tratamiento y protecci\u00f3n de los datos de car\u00e1cter&#8230;<\/p>","protected":false},"author":3,"featured_media":0,"parent":0,"menu_order":0,"comment_status":"closed","ping_status":"closed","template":"","meta":{"footnotes":""},"class_list":["post-6266","page","type-page","status-publish","hentry"],"_links":{"self":[{"href":"https:\/\/roots2routes.eu\/en\/wp-json\/wp\/v2\/pages\/6266","targetHints":{"allow":["GET"]}}],"collection":[{"href":"https:\/\/roots2routes.eu\/en\/wp-json\/wp\/v2\/pages"}],"about":[{"href":"https:\/\/roots2routes.eu\/en\/wp-json\/wp\/v2\/types\/page"}],"author":[{"embeddable":true,"href":"https:\/\/roots2routes.eu\/en\/wp-json\/wp\/v2\/users\/3"}],"replies":[{"embeddable":true,"href":"https:\/\/roots2routes.eu\/en\/wp-json\/wp\/v2\/comments?post=6266"}],"version-history":[{"count":2,"href":"https:\/\/roots2routes.eu\/en\/wp-json\/wp\/v2\/pages\/6266\/revisions"}],"predecessor-version":[{"id":6273,"href":"https:\/\/roots2routes.eu\/en\/wp-json\/wp\/v2\/pages\/6266\/revisions\/6273"}],"wp:attachment":[{"href":"https:\/\/roots2routes.eu\/en\/wp-json\/wp\/v2\/media?parent=6266"}],"curies":[{"name":"wp","href":"https:\/\/api.w.org\/{rel}","templated":true}]}}