{"id":6266,"date":"2025-02-10T12:39:53","date_gmt":"2025-02-10T11:39:53","guid":{"rendered":"https:\/\/roots2routes.eu\/?page_id=6266"},"modified":"2025-02-10T12:50:13","modified_gmt":"2025-02-10T11:50:13","slug":"politica-de-privacidad","status":"publish","type":"page","link":"https:\/\/roots2routes.eu\/it\/politica-de-privacidad\/","title":{"rendered":"Privacy policy"},"content":{"rendered":"<p>RURAL BRIDGE SL ti informa sulla sua Politica sulla Privacy in merito al trattamento e alla protezione dei dati personali che potrebbero essere raccolti tramite questo modulo.<\/p>\n\n\n\n<p>In questo senso, il Titolare garantisce il rispetto della normativa vigente in materia di protezione dei dati personali, recepita nella Legge Organica 3\/2018, del 5 dicembre, sulla Protezione dei Dati Personali e Garanzia dei Diritti Digitali (LOPD GDD). Rispetta inoltre il Regolamento (UE) 2016\/679 del Parlamento europeo e del Consiglio, del 27 aprile 2016, relativo alla protezione delle persone fisiche (RGPD).<\/p>\n\n\n\n<h1 class=\"wp-block-heading\">Identit\u00e0 del Responsabile<\/h1>\n\n\n\n<p>Titolar: RURAL BRIDGE SL. NIF\/CIF: B01617521<\/p>\n\n\n\n<p>Responsabile: Miguel Garc\u00eda Mata. DNI: 44599917L<\/p>\n\n\n\n<p>Domicilio: Via Teresa de Calcuta, 22, Locale, Nord-Ovest, 14011 C\u00f3rdoba<\/p>\n\n\n\n<p>Indirizzo e-mail: info@ruralbridge.es<\/p>\n\n\n\n<h1 class=\"wp-block-heading\">Acquisizione di Dati Personali<\/h1>\n\n\n\n<p>Ci fornisci i tuoi dati personali al momento di compilare il modulo corrispondente che ti mettiamo a disposizione.<\/p>\n\n\n\n<h1 class=\"wp-block-heading\">Legittimazione al trattamento dei dati<\/h1>\n\n\n\n<p>La base giuridica per il trattamento dei tuoi dati \u00e8 il consenso che ci fornisci in modo esplicito, libero e inequivocabile.<\/p>\n\n\n\n<h1 class=\"wp-block-heading\">Scopo del trattamento dei dati personali<\/h1>\n\n\n\n<p>Compilando il nostro modulo, stai fornendo informazioni di carattere personale che saranno trattate dal Titolare. Queste informazioni possono includere dati di carattere personale come nome e cognome, indirizzo email, numero di telefono, nonch\u00e9 dati relativi alla situazione lavorativa personale necessari per gestire sia la partecipazione degli studenti al corso di formazione corrispondente sia il Progetto Erasmus+ in s\u00e9.<\/p>\n\n\n\n<p>Fornendo queste informazioni e dando il tuo consenso, permetti che vengano raccolte, utilizzate, gestite e conservate da RURAL BRIDGE SL, come descritto nella presente Informativa sulla privacy.<\/p>\n\n\n\n<h1 class=\"wp-block-heading\">Accettazione e consenso<\/h1>\n\n\n\n<p>In qualit\u00e0 di Utente, dichiari di essere stato informato delle condizioni sulla protezione dei dati personali, accetti e acconsenti al loro trattamento da parte del Titolare nei modi e per le finalit\u00e0 indicate nella presente Informativa sulla Privacy.<\/p>\n\n\n\n<h1 class=\"wp-block-heading\">Accuratezza e veridicit\u00e0 dei dati personali<\/h1>\n\n\n\n<p>Ti impegni a fornire al Titolare dati corretti, completi, esatti e aggiornati, nonch\u00e9 a mantenerli debitamente aggiornati.<\/p>\n\n\n\n<p>In qualit\u00e0 di Utente, sei l'unico responsabile della veridicit\u00e0 e correttezza dei dati che ci trasmetti nel modulo, esonerando il Titolare da qualsiasi responsabilit\u00e0 al riguardo.<\/p>\n\n\n\n<h1 class=\"wp-block-heading\">Principi applicati nel trattamento dei dati<\/h1>\n\n\n\n<p>Nel trattamento dei tuoi dati personali, il Titolare applicher\u00e0 i seguenti principi conformi ai requisiti del regolamento europeo sulla protezione dei dati:<\/p>\n\n\n\n<p><strong>Principio<\/strong><strong>da<\/strong><strong>richiesta,<\/strong><strong>lealtad<\/strong><strong>y<\/strong><strong>trasparenza<\/strong>Il Titolare richieder\u00e0 sempre il consenso per il trattamento dei tuoi dati personali che potr\u00e0 avvenire per uno o pi\u00f9 scopi specifici sui quali ti informer\u00e0 preventivamente con assoluta trasparenza.<\/p>\n\n\n\n<p><strong>Principio di minimizzazione dei dati: <\/strong>Il titolare richieder\u00e0 solo i dati strettamente necessari per lo scopo o gli scopi per cui li richiede.<\/p>\n\n\n\n<p><strong>Principio<\/strong><strong>limitazione del termine<\/strong><strong>di conservazione:<\/strong>I dati saranno conservati per il tempo strettamente necessario al fine o ai fini del trattamento. Il Titolare ti informer\u00e0 del periodo di conservazione corrispondente in base alla finalit\u00e0. Nel caso di iscrizioni, il Titolare esaminer\u00e0 periodicamente le liste ed eliminer\u00e0 quelle registrazioni inattive per un periodo considerevole.<\/p>\n\n\n\n<p><strong>Principio<\/strong><strong>de integridad<\/strong><strong>y<\/strong><strong>riservatezza <\/strong>I tuoi dati saranno trattati in modo tale che la loro sicurezza, riservatezza e integrit\u00e0 siano garantite. Devi sapere che il Titolare adotta le precauzioni necessarie per impedire l'accesso non autorizzato o l'uso improprio dei dati dei propri utenti da parte di terzi.<\/p>\n\n\n\n<h1 class=\"wp-block-heading\">I tuoi diritti<\/h1>\n\n\n\n<p>Il Titolare ti informa che sui tuoi dati personali hai diritto a:<\/p>\n\n\n\n<ul class=\"wp-block-list\">\n<li>Richiedere l'accesso ai dati archiviati.<\/li>\n\n\n\n<li>Richiedere una rettifica.<\/li>\n\n\n\n<li>Richiedere la cancellazione dei dati.<\/li>\n\n\n\n<li>Richiedere la limitazione del proprio trattamento.<\/li>\n\n\n\n<li>Opporsi al trattamento.<\/li>\n\n\n\n<li>Richiedere la portabilit\u00e0 dei tuoi dati.<\/li>\n<\/ul>\n\n\n\n<p>L'esercizio di tali diritti \u00e8 personale e pertanto deve essere esercitato direttamente dall'interessato, rivolgendosi direttamente al Titolare, il che significa che qualsiasi Utente che abbia fornito i propri dati in qualsiasi momento pu\u00f2 rivolgersi al Titolare e richiedere informazioni sui dati che ha memorizzato e su come li ha ottenuti, richiedere la rettifica degli stessi, richiedere la portabilit\u00e0 dei propri dati personali, opporsi al trattamento, limitarne l'uso o richiederne la cancellazione negli archivi del Titolare.<\/p>\n\n\n\n<p>Per esercitare i tuoi diritti devi inviare un'email a info@ruralbridge.es insieme a una prova legalmente valida come una fotocopia del D.N.I. o equivalente.<\/p>\n\n\n\n<p>Hai diritto alla tutela giudiziaria effettiva e a presentare un reclamo all'autorit\u00e0 di controllo, in questo caso l'Agenzia Spagnola per la Protezione dei Dati, qualora ritenga che il trattamento di dati personali che ti riguardano violi il Regolamento.<\/p>\n\n\n\n<h1 class=\"wp-block-heading\">Conservazione dei dati personali<\/h1>\n\n\n\n<p>I dati personali che fornirai al Titolare verranno conservati per tutta la durata della gestione del servizio richiesto o fino a quando non ne richiederai la cancellazione.<\/p>\n\n\n\n<h1 class=\"wp-block-heading\">Destinatari di dati personali<\/h1>\n\n\n\n<p>Alcuni dei dati personali che ci fornirai potranno essere condivisi con il SEPIE (Servicio Espa\u00f1ol Para la Internacionalizaci\u00f3n de la Educaci\u00f3n) una volta terminato il progetto Erasmus +.<\/p>\n\n\n\n<h1 class=\"wp-block-heading\">Sicurezza dei dati personali<\/h1>\n\n\n\n<p>Per proteggere i tuoi dati personali, il Titolare adotta tutte le precauzioni ragionevoli e segue le migliori pratiche del settore per evitarne la perdita, l'uso improprio, l'accesso non autorizzato, la divulgazione, l'alterazione o la distruzione.<\/p>\n\n\n\n<h1 class=\"wp-block-heading\">Revocabilit\u00e0<\/h1>\n\n\n\n<p>Per esercitare i tuoi diritti di accesso, rettifica, cancellazione, portabilit\u00e0 e opposizione devi inviare un'email a info@ruralbridge.es insieme a una prova valida ai sensi della legge, come una fotocopia del D.N.I. o equivalente.<\/p>\n\n\n\n<p>L'esercizio dei tuoi diritti non include alcun dato che il Titolare sia obbligato a conservare per scopi amministrativi, legali o di sicurezza.<\/p>","protected":false},"excerpt":{"rendered":"<p>RURAL BRIDGE SL te informa sobre su Pol\u00edtica de Privacidad respecto del tratamiento y protecci\u00f3n de los datos de car\u00e1cter&#8230;<\/p>","protected":false},"author":3,"featured_media":0,"parent":0,"menu_order":0,"comment_status":"closed","ping_status":"closed","template":"","meta":{"footnotes":""},"class_list":["post-6266","page","type-page","status-publish","hentry"],"_links":{"self":[{"href":"https:\/\/roots2routes.eu\/it\/wp-json\/wp\/v2\/pages\/6266","targetHints":{"allow":["GET"]}}],"collection":[{"href":"https:\/\/roots2routes.eu\/it\/wp-json\/wp\/v2\/pages"}],"about":[{"href":"https:\/\/roots2routes.eu\/it\/wp-json\/wp\/v2\/types\/page"}],"author":[{"embeddable":true,"href":"https:\/\/roots2routes.eu\/it\/wp-json\/wp\/v2\/users\/3"}],"replies":[{"embeddable":true,"href":"https:\/\/roots2routes.eu\/it\/wp-json\/wp\/v2\/comments?post=6266"}],"version-history":[{"count":2,"href":"https:\/\/roots2routes.eu\/it\/wp-json\/wp\/v2\/pages\/6266\/revisions"}],"predecessor-version":[{"id":6273,"href":"https:\/\/roots2routes.eu\/it\/wp-json\/wp\/v2\/pages\/6266\/revisions\/6273"}],"wp:attachment":[{"href":"https:\/\/roots2routes.eu\/it\/wp-json\/wp\/v2\/media?parent=6266"}],"curies":[{"name":"wp","href":"https:\/\/api.w.org\/{rel}","templated":true}]}}